{"id":4754,"date":"2025-01-11T22:26:00","date_gmt":"2025-01-11T22:26:00","guid":{"rendered":"https:\/\/aquitodo.co\/?post_type=product&#038;p=4754"},"modified":"2026-03-21T14:30:09","modified_gmt":"2026-03-21T14:30:09","slug":"bretana-lata-mango-pina-269-ml-postobon","status":"publish","type":"product","link":"https:\/\/aquitodo.co\/es\/producto-2\/bretana-lata-mango-pina-269-ml-postobon\/","title":{"rendered":"BRETA\u00d1A LATA MANGO PI\u00d1A 269 ML POSTOBON"},"content":{"rendered":"<p>BRETA\u00d1A LATA MANGO PI\u00d1A 269 ML POSTOBON<\/p>","protected":false},"excerpt":{"rendered":"<p>BRETA\u00d1A LATA MANGO PI\u00d1A 269 ML POSTOBON<\/p>","protected":false},"featured_media":2138,"comment_status":"open","ping_status":"closed","template":"","meta":{"_joinchat":[]},"product_brand":[],"product_cat":[150],"product_tag":[],"class_list":{"0":"post-4754","1":"product","2":"type-product","3":"status-publish","4":"has-post-thumbnail","6":"product_cat-beverages","7":"location-envigado","8":"location-itagui","9":"location-medellin","10":"location-sabaneta","12":"first","13":"instock","14":"taxable","15":"shipping-taxable","16":"purchasable","17":"product-type-simple"},"_links":{"self":[{"href":"https:\/\/aquitodo.co\/es\/wp-json\/wp\/v2\/product\/4754","targetHints":{"allow":["GET"]}}],"collection":[{"href":"https:\/\/aquitodo.co\/es\/wp-json\/wp\/v2\/product"}],"about":[{"href":"https:\/\/aquitodo.co\/es\/wp-json\/wp\/v2\/types\/product"}],"replies":[{"embeddable":true,"href":"https:\/\/aquitodo.co\/es\/wp-json\/wp\/v2\/comments?post=4754"}],"version-history":[{"count":0,"href":"https:\/\/aquitodo.co\/es\/wp-json\/wp\/v2\/product\/4754\/revisions"}],"wp:featuredmedia":[{"embeddable":true,"href":"https:\/\/aquitodo.co\/es\/wp-json\/wp\/v2\/media\/2138"}],"wp:attachment":[{"href":"https:\/\/aquitodo.co\/es\/wp-json\/wp\/v2\/media?parent=4754"}],"wp:term":[{"taxonomy":"product_brand","embeddable":true,"href":"https:\/\/aquitodo.co\/es\/wp-json\/wp\/v2\/product_brand?post=4754"},{"taxonomy":"product_cat","embeddable":true,"href":"https:\/\/aquitodo.co\/es\/wp-json\/wp\/v2\/product_cat?post=4754"},{"taxonomy":"product_tag","embeddable":true,"href":"https:\/\/aquitodo.co\/es\/wp-json\/wp\/v2\/product_tag?post=4754"}],"curies":[{"name":"wp","href":"https:\/\/api.w.org\/{rel}","templated":true}]}}